{"id":49888,"date":"2021-05-18T09:57:18","date_gmt":"2021-05-18T07:57:18","guid":{"rendered":"https:\/\/au-coeur-des-vignes.com\/contact\/"},"modified":"2024-03-06T13:55:06","modified_gmt":"2024-03-06T12:55:06","slug":"contact","status":"publish","type":"page","link":"https:\/\/au-coeur-des-vignes.com\/en\/contact\/","title":{"rendered":"Contact"},"content":{"rendered":"<p>[et_pb_section fb_built=&#8221;1&#8243; fullwidth=&#8221;on&#8221; admin_label=&#8221;Header&#8221; _builder_version=&#8221;4.16&#8243; background_color=&#8221;#b7b9c7&#8243; custom_padding=&#8221;0px|0|0px|0px|false|false&#8221; locked=&#8221;off&#8221; global_colors_info=&#8221;{}&#8221;][et_pb_fullwidth_slider _builder_version=&#8221;4.16&#8243; _module_preset=&#8221;default&#8221; background_color=&#8221;RGBA(0,0,0,0)&#8221; use_background_color_gradient=&#8221;on&#8221; background_color_gradient_stops=&#8221;rgba(13,24,33,0.6) 0%|rgba(13,24,33,0.66) 100%&#8221; background_color_gradient_overlays_image=&#8221;on&#8221; background_color_gradient_start=&#8221;rgba(13,24,33,0.6)&#8221; background_color_gradient_end=&#8221;rgba(13,24,33,0.66)&#8221; background_image=&#8221;https:\/\/au-coeur-des-vignes.com\/wp-content\/uploads\/2021\/05\/20210512_180348-scaled.jpg&#8221; global_colors_info=&#8221;{}&#8221;][et_pb_slide heading=&#8221;Contact&#8221; use_bg_overlay=&#8221;off&#8221; use_text_overlay=&#8221;off&#8221; _builder_version=&#8221;4.16&#8243; _module_preset=&#8221;default&#8221; header_level=&#8221;h2&#8243; header_font=&#8221;|700||on|||||&#8221; header_font_size=&#8221;40px&#8221; header_letter_spacing=&#8221;1px&#8221; body_font=&#8221;||||||||&#8221; use_background_color_gradient=&#8221;on&#8221; background_color_gradient_stops=&#8221;rgba(13,24,33,0.34) 31%|rgba(13,24,33,0.61) 100%&#8221; background_color_gradient_start=&#8221;rgba(13,24,33,0.34)&#8221; background_color_gradient_start_position=&#8221;31%&#8221; background_color_gradient_end=&#8221;rgba(13,24,33,0.61)&#8221; global_colors_info=&#8221;{}&#8221; sticky_transition=&#8221;on&#8221;][\/et_pb_slide][\/et_pb_fullwidth_slider][\/et_pb_section][et_pb_section fb_built=&#8221;1&#8243; _builder_version=&#8221;4.20.4&#8243; _module_preset=&#8221;default&#8221; custom_margin=&#8221;0px|0px|0px|0px|false|false&#8221; custom_padding=&#8221;0px|0px|0px|0px|false|false&#8221; hover_enabled=&#8221;0&#8243; global_colors_info=&#8221;{}&#8221; theme_builder_area=&#8221;post_content&#8221; z_index=&#8221;10&#8243; sticky_enabled=&#8221;0&#8243;][et_pb_row _builder_version=&#8221;4.20.4&#8243; _module_preset=&#8221;default&#8221; width=&#8221;100%&#8221; max_width=&#8221;100%&#8221; min_height=&#8221;100%&#8221; height=&#8221;100%&#8221; max_height=&#8221;100%&#8221; custom_margin=&#8221;0px|0px|0px|0px|false|false&#8221; custom_padding=&#8221;0px|0px|0px|0px|false|false&#8221; global_colors_info=&#8221;{}&#8221; theme_builder_area=&#8221;post_content&#8221;][et_pb_column type=&#8221;4_4&#8243; _builder_version=&#8221;4.20.4&#8243; _module_preset=&#8221;default&#8221; global_colors_info=&#8221;{}&#8221; theme_builder_area=&#8221;post_content&#8221;][et_pb_image src=&#8221;https:\/\/au-coeur-des-vignes.com\/wp-content\/uploads\/2023\/05\/Bandeau-logos-ok.png&#8221; title_text=&#8221;Bandeau-logos-ok&#8221; url=&#8221;https:\/\/mibc-fr-01.mailinblack.com\/securelink\/?url=http:\/\/ec.europa.eu&amp;key=eyJsYW5nIjoiRlIiLCJ1cmwiOiJodHRwOi8vZWMuZXVyb3BhLmV1L2FncmljdWx0dXJlL3J1cmFsLWRldmVsb3BtZW50LTIwMTQtMjAyMC9pbmRleF9mci5odG0iLCJ0b2tlbiI6ImdBQUFBQUJrYTRDUHo5Y1h6MWl4MHRFU1ZxcXBXVW5VY2JmUDFWOXZKTzkteXVaRi1GRjZUOFd3MHFoNDgzMGlJM3hFTlFTQlcySnFnWXhYMUM4c2pnV2ZEZWdWNFpobW1ZekdGY0xlZFlqT003UEZmeGZpYmNIMHVBRzJsTjVIOUhQbXdSUEFheGdLREh6OHVybF9fdFBWczFNeXk4VE1uamZnZE16aHNXMTFWMGRrTmdGb1RPNEgtamUtOVJlZVllazVnNlBNZUN5Y2xmclVhWGhNVGFoeGhRVEJXRTBheFBRbnZhLTVLX1lhWFJTaGJaVHZnbGZzbW51ZFpXQjZmamU3ejM4b2lqajQ3QXM0WHRmeHRDVHZKS1ZqWmdKTzl5ZG1falpNS3IyRHB4SHJFWFBoeWM0OGRFSEJKNGZMdWRuRktaUW5lSmVhIn0=&#8221; url_new_window=&#8221;on&#8221; align=&#8221;right&#8221; _builder_version=&#8221;4.20.4&#8243; _module_preset=&#8221;default&#8221; positioning=&#8221;fixed&#8221; position_origin_a=&#8221;center_right&#8221; position_origin_f=&#8221;bottom_right&#8221; vertical_offset=&#8221;40px&#8221; horizontal_offset=&#8221;11px&#8221; z_index=&#8221;0&#8243; width=&#8221;100%&#8221; max_width=&#8221;15%&#8221; motion_trigger_start=&#8221;top&#8221; global_colors_info=&#8221;{}&#8221; theme_builder_area=&#8221;post_content&#8221;][\/et_pb_image][\/et_pb_column][\/et_pb_row][\/et_pb_section][et_pb_section fb_built=&#8221;1&#8243; custom_padding_last_edited=&#8221;on|phone&#8221; admin_label=&#8221;Contact&#8221; _builder_version=&#8221;4.16&#8243; custom_padding=&#8221;4px|0px|4px|0px|true|false&#8221; custom_padding_tablet=&#8221;&#8221; custom_padding_phone=&#8221;50px||0px||false|false&#8221; global_colors_info=&#8221;{}&#8221;][et_pb_row column_structure=&#8221;1_2,1_2&#8243; _builder_version=&#8221;4.16&#8243; width=&#8221;100%&#8221; max_width=&#8221;1500px&#8221; max_width_tablet=&#8221;&#8221; max_width_phone=&#8221;90%&#8221; max_width_last_edited=&#8221;on|phone&#8221; custom_margin=&#8221;0px|auto|0px|auto|false|false&#8221; custom_padding=&#8221;50px||||false|false&#8221; use_custom_width=&#8221;on&#8221; custom_width_px=&#8221;800px&#8221; global_colors_info=&#8221;{}&#8221;][et_pb_column type=&#8221;1_2&#8243; _builder_version=&#8221;4.16&#8243; _module_preset=&#8221;default&#8221; global_colors_info=&#8221;{}&#8221;][et_pb_text _builder_version=&#8221;4.16&#8243; _module_preset=&#8221;default&#8221; header_2_text_color=&#8221;#7B506F&#8221; custom_margin=&#8221;0px||0px||true|false&#8221; custom_margin_tablet=&#8221;&#8221; custom_margin_phone=&#8221;||55px||false|false&#8221; custom_margin_last_edited=&#8221;on|phone&#8221; custom_padding=&#8221;0px||0px||true|false&#8221; custom_padding_tablet=&#8221;&#8221; custom_padding_phone=&#8221;&#8221; custom_padding_last_edited=&#8221;on|phone&#8221; header_2_text_align_tablet=&#8221;&#8221; header_2_text_align_phone=&#8221;center&#8221; header_2_text_align_last_edited=&#8221;on|phone&#8221; text_orientation_tablet=&#8221;&#8221; text_orientation_phone=&#8221;center&#8221; text_orientation_last_edited=&#8221;on|phone&#8221; global_colors_info=&#8221;{}&#8221;]<\/p>\n<h2>Campsite &#8220;Au C\u0153ur des Vignes&#8221;<\/h2>\n<p>5 rue de la Piscine, 39600 ARBOIS<\/p>\n<p>&nbsp;<\/p>\n<h3>Opening times<\/h3>\n<p>Reception : every day from 9 to 12 and 2pm to 7pm<\/p>\n<p>In case of late arrival contact us on : 0646519154<\/p>\n<p>Grocery store : every day from 9 to 10:30 and 5pm to 7pm<\/p>\n<p>&nbsp;<\/p>\n<p>&nbsp;<\/p>\n<p>&nbsp;<\/p>\n<h3>Information and bookings<\/h3>\n<p>Mobile : 06 46 51 91 54<\/p>\n<p>Landline : 03 84 52 39 23<\/p>\n<p>e-mail : camping@au-coeur-des-vignes.com<\/p>\n<p>&nbsp;<\/p>\n<h3>How to get to Arbois<\/h3>\n<p>SNCF railway station : Arbois<\/p>\n<p>SNCF TGV railway station : Mouchard (12kms away)<\/p>\n<p>Motorway A39, exit 7<\/p>\n<p>[\/et_pb_text][\/et_pb_column][et_pb_column type=&#8221;1_2&#8243; _builder_version=&#8221;4.16&#8243; custom_padding=&#8221;|||&#8221; global_colors_info=&#8221;{}&#8221; custom_padding__hover=&#8221;|||&#8221;][et_pb_text _builder_version=&#8221;4.16&#8243; _module_preset=&#8221;default&#8221; header_3_font=&#8221;|||on|||||&#8221; header_3_text_align=&#8221;left&#8221; custom_margin=&#8221;0px||0px||false|false&#8221; custom_padding=&#8221;0px||0px||false|false&#8221; header_3_text_align_tablet=&#8221;&#8221; header_3_text_align_phone=&#8221;center&#8221; header_3_text_align_last_edited=&#8221;on|phone&#8221; global_colors_info=&#8221;{}&#8221;]<\/p>\n<h3>Contact us !<\/h3>\n<p>[\/et_pb_text][et_pb_text _builder_version=&#8221;4.16&#8243; _module_preset=&#8221;default&#8221; custom_margin=&#8221;0px||0px||false|false&#8221; custom_padding=&#8221;0px||0px||false|false&#8221; global_colors_info=&#8221;{}&#8221;]<\/p>\n<div class=\"frm_forms  with_frm_style frm_style_style-formidable\" id=\"frm_form_1_container\" >\n<form enctype=\"multipart\/form-data\" method=\"post\" class=\"frm-show-form  frm_ajax_submit  frm_pro_form \" id=\"form_contact-form\" >\n<div class=\"frm_form_fields \">\n<fieldset>\n<legend class=\"frm_screen_reader\">Contactez-nous<\/legend>\r\n\r\n<div class=\"frm_fields_container\">\n<input type=\"hidden\" name=\"frm_action\" value=\"create\" \/>\n<input type=\"hidden\" name=\"form_id\" value=\"1\" \/>\n<input type=\"hidden\" name=\"frm_hide_fields_1\" id=\"frm_hide_fields_1\" value=\"\" \/>\n<input type=\"hidden\" name=\"form_key\" value=\"contact-form\" \/>\n<input type=\"hidden\" name=\"item_meta[0]\" value=\"\" \/>\n<input type=\"hidden\" id=\"frm_submit_entry_1\" name=\"frm_submit_entry_1\" value=\"2a83841e42\" \/><input type=\"hidden\" name=\"_wp_http_referer\" value=\"\/en\/wp-json\/wp\/v2\/pages\/49888\" \/><div id=\"frm_field_1_container\" class=\"frm_form_field form-field  frm_required_field frm_top_container frm_first frm_half\">\r\n    <label for=\"field_qh4icy\" id=\"field_qh4icy_label\" class=\"frm_primary_label\">Nom\r\n        <span class=\"frm_required\" aria-hidden=\"true\">*<\/span>\r\n    <\/label>\r\n    <input  type=\"text\" id=\"field_qh4icy\" name=\"item_meta[1]\" value=\"\"  data-reqmsg=\"Ce champ ne peut pas \u00eatre vide\" aria-required=\"true\" data-invmsg=\"Name est non valide\" aria-invalid=\"false\"   \/>\r\n    \r\n    \r\n<\/div>\n<div id=\"frm_field_2_container\" class=\"frm_form_field form-field  frm_required_field frm_top_container frm_half\">\r\n    <label for=\"field_ocfup1\" id=\"field_ocfup1_label\" class=\"frm_primary_label\">Pr\u00e9nom\r\n        <span class=\"frm_required\" aria-hidden=\"true\">*<\/span>\r\n    <\/label>\r\n    <input  type=\"text\" id=\"field_ocfup1\" name=\"item_meta[2]\" value=\"\"  data-reqmsg=\"Ce champ ne peut pas \u00eatre vide\" aria-required=\"true\" data-invmsg=\"Last est non valide\" aria-invalid=\"false\"   \/>\r\n    \r\n    \r\n<\/div>\n<div id=\"frm_field_3_container\" class=\"frm_form_field form-field  frm_required_field frm_top_container frm_full\">\r\n    <label for=\"field_29yf4d\" id=\"field_29yf4d_label\" class=\"frm_primary_label\">Email\r\n        <span class=\"frm_required\" aria-hidden=\"true\">*<\/span>\r\n    <\/label>\r\n    <input type=\"email\" id=\"field_29yf4d\" name=\"item_meta[3]\" value=\"\"  data-reqmsg=\"Ce champ ne peut pas \u00eatre vide\" aria-required=\"true\" data-invmsg=\"Please enter a valid email address\" aria-invalid=\"false\"  \/>\r\n    \r\n    \r\n<\/div>\n<div id=\"frm_field_7_container\" class=\"frm_form_field form-field  frm_top_container\">\r\n    <label for=\"field_6p080\" id=\"field_6p080_label\" class=\"frm_primary_label\">T\u00e9l\u00e9phone (si vous souhaitez \u00eatre rappel\u00e9.e)\r\n        <span class=\"frm_required\" aria-hidden=\"true\"><\/span>\r\n    <\/label>\r\n    <input type=\"tel\" id=\"field_6p080\" name=\"item_meta[7]\" value=\"\"  data-invmsg=\"T\u00e9l\u00e9phone est non valide\" aria-invalid=\"false\" pattern=\"((\\+\\d{1,3}(-|.| )?\\(?\\d\\)?(-| |.)?\\d{1,5})|(\\(?\\d{2,6}\\)?))(-|.| )?(\\d{3,4})(-|.| )?(\\d{4})(( x| ext)\\d{1,5}){0,1}$\"  \/>\r\n    \r\n    \r\n<\/div>\n<div id=\"frm_field_4_container\" class=\"frm_form_field form-field  frm_required_field frm_top_container frm_full\">\r\n    <label for=\"field_e6lis6\" id=\"field_e6lis6_label\" class=\"frm_primary_label\">Objet\r\n        <span class=\"frm_required\" aria-hidden=\"true\">*<\/span>\r\n    <\/label>\r\n    <input  type=\"text\" id=\"field_e6lis6\" name=\"item_meta[4]\" value=\"\"  data-reqmsg=\"Ce champ ne peut pas \u00eatre vide\" aria-required=\"true\" data-invmsg=\"Subject est non valide\" aria-invalid=\"false\"   \/>\r\n    \r\n    \r\n<\/div>\n<div id=\"frm_field_5_container\" class=\"frm_form_field form-field  frm_required_field frm_top_container frm_full\">\r\n    <label for=\"field_9jv0r1\" id=\"field_9jv0r1_label\" class=\"frm_primary_label\">Votre message\/demande\r\n        <span class=\"frm_required\" aria-hidden=\"true\">*<\/span>\r\n    <\/label>\r\n    <textarea name=\"item_meta[5]\" id=\"field_9jv0r1\" rows=\"5\"  data-reqmsg=\"Ce champ ne peut pas \u00eatre vide\" aria-required=\"true\" data-invmsg=\"Votre message\/demande est non valide\" aria-invalid=\"false\"  ><\/textarea>\r\n    \r\n    \r\n<\/div>\n<div id=\"frm_field_6_container\" class=\"frm_form_field form-field  frm_required_field frm_top_container frm6 frm_first vertical_radio\">\r\n    <div  id=\"field_czxwr_label\" class=\"frm_primary_label\">Vie priv\u00e9e\r\n        <span class=\"frm_required\" aria-hidden=\"true\">*<\/span>\r\n    <\/div>\r\n    <div class=\"frm_opt_container\" aria-labelledby=\"field_czxwr_label\" role=\"group\">\t\t<div class=\"frm_checkbox\" id=\"frm_checkbox_6-0\">\t\t\t<label  for=\"field_czxwr-0\">\n\t\t\t<input type=\"checkbox\" name=\"item_meta[6][]\" id=\"field_czxwr-0\" value=\"J&#039;accepte la &lt;a href=&quot;http:\/\/au-coeur-des-vignes.com\/politique-de-confidentialite\/&quot; target=&quot;_blank&quot;&gt;politique de confidentialit\u00e9 &lt;\/a&gt;du Camping Au C\u0153ur des Vignes.\"  data-reqmsg=\"Ce champ ne peut pas \u00eatre vide\" data-invmsg=\"Vie priv\u00e9e is invalid\"   aria-required=\"true\"  \/> J'accepte la <a href=\"http:\/\/au-coeur-des-vignes.com\/politique-de-confidentialite\/\" target=\"_blank\">politique de confidentialit\u00e9 <\/a>du Camping Au C\u0153ur des Vignes.<\/label><\/div>\n<\/div>\r\n    \r\n    \r\n<\/div>\n<div id=\"frm_field_8_container\" class=\"frm_form_field form-field  frm_none_container frm6\">\r\n    <label for=\"h-captcha-response\" id=\"field_lbzql_label\" class=\"frm_primary_label\">Captcha\r\n        <span class=\"frm_required\" aria-hidden=\"true\"><\/span>\r\n    <\/label>\r\n    <div  id=\"field_lbzql\" class=\"h-captcha\" data-sitekey=\"9a3518bd-c371-4df1-a992-9b3b6244424c\" data-size=\"normal\" data-theme=\"light\"><\/div>\r\n    \r\n    \r\n<\/div>\n\t<input type=\"hidden\" name=\"item_key\" value=\"\" \/>\n\t\t\t<div id=\"frm_field_9_container\">\n\t\t\t<label for=\"field_7qkef\" >\n\t\t\t\tIf you are human, leave this field blank.\t\t\t<\/label>\n\t\t\t<input  id=\"field_7qkef\" type=\"text\" class=\"frm_form_field form-field frm_verify\" name=\"item_meta[9]\" value=\"\"  \/>\n\t\t<\/div>\n\t\t<input name=\"frm_state\" type=\"hidden\" value=\"nIpkV7iU\/VRk4C3JqgwXNHEc7wsJA97C1cvB75TjO2QXWDXP2MWkNjxtUV2Xoa9a\" \/><div class=\"frm_submit\">\r\n\r\n<button class=\"frm_button_submit frm_final_submit\" type=\"submit\"   formnovalidate=\"formnovalidate\">Envoyer mon message<\/button>\r\n\r\n<\/div><\/div>\n<\/fieldset>\n<\/div>\n\n<\/form>\n<\/div>\n\n<p>[\/et_pb_text][\/et_pb_column][\/et_pb_row][\/et_pb_section][et_pb_section fb_built=&#8221;1&#8243; disabled_on=&#8221;off|off|off&#8221; admin_label=&#8221;Follow Along&#8221; _builder_version=&#8221;4.16&#8243; background_enable_image=&#8221;off&#8221; background_position=&#8221;center_right&#8221; custom_margin=&#8221;0px||0px||false|false&#8221; custom_padding=&#8221;0px||0px||false|false&#8221; global_colors_info=&#8221;{}&#8221;][et_pb_row _builder_version=&#8221;4.16&#8243; _module_preset=&#8221;default&#8221; width=&#8221;100%&#8221; max_width=&#8221;100%&#8221; custom_padding=&#8221;0px||0px||false|false&#8221; global_colors_info=&#8221;{}&#8221;][et_pb_column type=&#8221;4_4&#8243; _builder_version=&#8221;4.16&#8243; _module_preset=&#8221;default&#8221; global_colors_info=&#8221;{}&#8221;][et_pb_map address=&#8221;Camping au coeur des vignes, 5 Route de la Piscine, 39600 Arbois, France&#8221; zoom_level=&#8221;7&#8243; address_lat=&#8221;46.904032161551&#8243; address_lng=&#8221;5.7852427916164&#8243; _builder_version=&#8221;4.16&#8243; _module_preset=&#8221;default&#8221; child_filter_sepia=&#8221;10%&#8221; box_shadow_style=&#8221;preset1&#8243; global_colors_info=&#8221;{}&#8221;][et_pb_map_pin title=&#8221;Campsite &quot;Au C\u0153ur des Vignes&quot;&#8221; pin_address=&#8221;5 Route de la Piscine, 39600 Arbois, France&#8221; zoom_level=&#8221;7&#8243; pin_address_lat=&#8221;46.904074111251&#8243; pin_address_lng=&#8221;5.7850899168495&#8243; _builder_version=&#8221;4.9.4&#8243; _module_preset=&#8221;default&#8221; global_colors_info=&#8221;{}&#8221;]<\/p>\n<p>5 route de la piscine, 39600 Arbois &#8211; FRANCE<\/p>\n<p>[\/et_pb_map_pin][\/et_pb_map][\/et_pb_column][\/et_pb_row][\/et_pb_section]<\/p>\n","protected":false},"excerpt":{"rendered":"<p>Campsite &#8220;Au C\u0153ur des Vignes&#8221; 5 rue de la Piscine, 39600 ARBOIS &nbsp; Opening times Reception : every day from 9 to 12 and 2pm to 7pm In case of late arrival contact us on : 0646519154 Grocery store : every day from 9 to 10:30 and 5pm to 7pm &nbsp; &nbsp; &nbsp; Information and [&hellip;]<\/p>\n","protected":false},"author":1,"featured_media":0,"parent":0,"menu_order":0,"comment_status":"closed","ping_status":"closed","template":"","meta":{"_et_pb_use_builder":"on","_et_pb_old_content":"","_et_gb_content_width":"","footnotes":""},"class_list":["post-49888","page","type-page","status-publish","hentry"],"_links":{"self":[{"href":"https:\/\/au-coeur-des-vignes.com\/en\/wp-json\/wp\/v2\/pages\/49888","targetHints":{"allow":["GET"]}}],"collection":[{"href":"https:\/\/au-coeur-des-vignes.com\/en\/wp-json\/wp\/v2\/pages"}],"about":[{"href":"https:\/\/au-coeur-des-vignes.com\/en\/wp-json\/wp\/v2\/types\/page"}],"author":[{"embeddable":true,"href":"https:\/\/au-coeur-des-vignes.com\/en\/wp-json\/wp\/v2\/users\/1"}],"replies":[{"embeddable":true,"href":"https:\/\/au-coeur-des-vignes.com\/en\/wp-json\/wp\/v2\/comments?post=49888"}],"version-history":[{"count":10,"href":"https:\/\/au-coeur-des-vignes.com\/en\/wp-json\/wp\/v2\/pages\/49888\/revisions"}],"predecessor-version":[{"id":50696,"href":"https:\/\/au-coeur-des-vignes.com\/en\/wp-json\/wp\/v2\/pages\/49888\/revisions\/50696"}],"wp:attachment":[{"href":"https:\/\/au-coeur-des-vignes.com\/en\/wp-json\/wp\/v2\/media?parent=49888"}],"curies":[{"name":"wp","href":"https:\/\/api.w.org\/{rel}","templated":true}]}}